{"id":2693,"date":"2025-05-28T17:19:06","date_gmt":"2025-05-28T17:19:06","guid":{"rendered":"https:\/\/luisgranena.com\/?post_type=product&#038;p=2693"},"modified":"2025-05-28T17:21:14","modified_gmt":"2025-05-28T17:21:14","slug":"wayne","status":"publish","type":"product","link":"https:\/\/luisgranena.com\/en\/producto\/wayne\/","title":{"rendered":"Wayne"},"content":{"rendered":"<p>Te presentamos el p\u00f3ster Wayne de la m\u00e1s alta calidad, una aut\u00e9ntica joya art\u00edstica firmada y disponible en tiradas limitadas de 20 unidades.<\/p>\n<p>Caracter\u00edsticas del p\u00f3ster:<\/p>\n<ul>\n<li>Hecho con papel de alta calidad.<\/li>\n<li>Cada p\u00f3ster lleva la firma del autor y cuenta con su correspondiente certificado de autenticidad.<\/li>\n<\/ul>\n<p>Para garantizar su seguridad durante el transporte, cada p\u00f3ster es cuidadosamente empaquetado en un embalaje resistente.<\/p>\n<p>Queremos destacar que cada producto es impreso bajo pedido, especialmente para ti. Este enfoque nos permite evitar cualquier desperdicio de producci\u00f3n innecesario y asegura que cada art\u00edculo cumple con nuestros rigurosos est\u00e1ndares de calidad.<\/p>\n<p>Tus art\u00edculos ser\u00e1n impresos en nuestras propias instalaciones de producci\u00f3n despu\u00e9s de realizar tu pedido y se enviar\u00e1n en un plazo de 3-5 d\u00edas h\u00e1biles. Esta atenci\u00f3n individualizada nos permite brindarte un producto excepcional que refleje tu estilo \u00fanico.<\/p>\n","protected":false},"excerpt":{"rendered":"<p>Disponible en tama\u00f1o: 30x40cm<\/p>\n","protected":false},"featured_media":2698,"comment_status":"closed","ping_status":"closed","template":"","meta":[],"product_brand":[],"product_cat":[40],"product_tag":[],"class_list":{"0":"post-2693","1":"product","2":"type-product","3":"status-publish","4":"has-post-thumbnail","6":"product_cat-poster","8":"first","9":"instock","10":"taxable","11":"shipping-taxable","12":"purchasable","13":"product-type-simple"},"_links":{"self":[{"href":"https:\/\/luisgranena.com\/en\/wp-json\/wp\/v2\/product\/2693","targetHints":{"allow":["GET"]}}],"collection":[{"href":"https:\/\/luisgranena.com\/en\/wp-json\/wp\/v2\/product"}],"about":[{"href":"https:\/\/luisgranena.com\/en\/wp-json\/wp\/v2\/types\/product"}],"replies":[{"embeddable":true,"href":"https:\/\/luisgranena.com\/en\/wp-json\/wp\/v2\/comments?post=2693"}],"wp:featuredmedia":[{"embeddable":true,"href":"https:\/\/luisgranena.com\/en\/wp-json\/wp\/v2\/media\/2698"}],"wp:attachment":[{"href":"https:\/\/luisgranena.com\/en\/wp-json\/wp\/v2\/media?parent=2693"}],"wp:term":[{"taxonomy":"product_brand","embeddable":true,"href":"https:\/\/luisgranena.com\/en\/wp-json\/wp\/v2\/product_brand?post=2693"},{"taxonomy":"product_cat","embeddable":true,"href":"https:\/\/luisgranena.com\/en\/wp-json\/wp\/v2\/product_cat?post=2693"},{"taxonomy":"product_tag","embeddable":true,"href":"https:\/\/luisgranena.com\/en\/wp-json\/wp\/v2\/product_tag?post=2693"}],"curies":[{"name":"wp","href":"https:\/\/api.w.org\/{rel}","templated":true}]}}